{"id":1867,"date":"2026-05-04T22:57:51","date_gmt":"2026-05-04T22:57:51","guid":{"rendered":"https:\/\/upshot.cl\/?page_id=1867"},"modified":"2026-05-04T23:19:59","modified_gmt":"2026-05-04T23:19:59","slug":"contacto","status":"publish","type":"page","link":"https:\/\/upshot.cl\/index.php\/contacto\/","title":{"rendered":"Contacto"},"content":{"rendered":"\t\t<div data-elementor-type=\"wp-page\" data-elementor-id=\"1867\" class=\"elementor elementor-1867\">\n\t\t\t\t\t\t<section class=\"elementor-section elementor-top-section elementor-element elementor-element-ca61c84 elementor-section-full_width elementor-section-height-default elementor-section-height-default\" data-id=\"ca61c84\" data-element_type=\"section\" data-e-type=\"section\">\n\t\t\t\t\t\t<div class=\"elementor-container elementor-column-gap-default\">\n\t\t\t\t\t<div class=\"elementor-column elementor-col-100 elementor-top-column elementor-element elementor-element-256243a\" data-id=\"256243a\" data-element_type=\"column\" data-e-type=\"column\">\n\t\t\t<div class=\"elementor-widget-wrap elementor-element-populated\">\n\t\t\t\t\t\t<div class=\"elementor-element elementor-element-95193c4 elementor-widget elementor-widget-heading\" data-id=\"95193c4\" data-element_type=\"widget\" data-e-type=\"widget\" data-widget_type=\"heading.default\">\n\t\t\t\t<div class=\"elementor-widget-container\">\n\t\t\t\t\t<h2 class=\"elementor-heading-title elementor-size-default\">UPSHOT Soluciones inteligentes a tus necesidades.<\/h2>\t\t\t\t<\/div>\n\t\t\t\t<\/div>\n\t\t\t\t\t<\/div>\n\t\t<\/div>\n\t\t\t\t\t<\/div>\n\t\t<\/section>\n\t\t\t\t<section class=\"elementor-section elementor-top-section elementor-element elementor-element-7fdca3f elementor-section-boxed elementor-section-height-default elementor-section-height-default\" data-id=\"7fdca3f\" data-element_type=\"section\" data-e-type=\"section\">\n\t\t\t\t\t\t<div class=\"elementor-container elementor-column-gap-default\">\n\t\t\t\t\t<div class=\"elementor-column elementor-col-100 elementor-top-column elementor-element elementor-element-b9bf5d5\" data-id=\"b9bf5d5\" data-element_type=\"column\" data-e-type=\"column\">\n\t\t\t<div class=\"elementor-widget-wrap elementor-element-populated\">\n\t\t\t\t\t\t<div class=\"elementor-element elementor-element-6580b41 elementor-widget elementor-widget-spacer\" data-id=\"6580b41\" data-element_type=\"widget\" data-e-type=\"widget\" data-widget_type=\"spacer.default\">\n\t\t\t\t<div class=\"elementor-widget-container\">\n\t\t\t\t\t\t\t<div class=\"elementor-spacer\">\n\t\t\t<div class=\"elementor-spacer-inner\"><\/div>\n\t\t<\/div>\n\t\t\t\t\t\t<\/div>\n\t\t\t\t<\/div>\n\t\t\t\t\t<\/div>\n\t\t<\/div>\n\t\t\t\t\t<\/div>\n\t\t<\/section>\n\t\t\t\t<section class=\"elementor-section elementor-top-section elementor-element elementor-element-868fc68 elementor-section-boxed elementor-section-height-default elementor-section-height-default\" data-id=\"868fc68\" data-element_type=\"section\" data-e-type=\"section\">\n\t\t\t\t\t\t<div class=\"elementor-container elementor-column-gap-default\">\n\t\t\t\t\t<div class=\"elementor-column elementor-col-33 elementor-top-column elementor-element elementor-element-11ad7df\" data-id=\"11ad7df\" data-element_type=\"column\" data-e-type=\"column\">\n\t\t\t<div class=\"elementor-widget-wrap elementor-element-populated\">\n\t\t\t\t\t\t<div class=\"elementor-element elementor-element-0dc0375 elementor-widget elementor-widget-google_maps\" data-id=\"0dc0375\" data-element_type=\"widget\" data-e-type=\"widget\" data-widget_type=\"google_maps.default\">\n\t\t\t\t<div class=\"elementor-widget-container\">\n\t\t\t\t\t\t\t<div class=\"elementor-custom-embed\">\n\t\t\t<iframe loading=\"lazy\"\n\t\t\t\t\tsrc=\"https:\/\/maps.google.com\/maps?q=Av.%20Pdte.%20Kennedy%207440%2C%207500500%20Vitacura%2C%20Regi%C3%B3n%20Metropolitana&#038;t=m&#038;z=11&#038;output=embed&#038;iwloc=near\"\n\t\t\t\t\ttitle=\"Av. Pdte. Kennedy 7440, 7500500 Vitacura, Regi\u00f3n Metropolitana\"\n\t\t\t\t\taria-label=\"Av. Pdte. Kennedy 7440, 7500500 Vitacura, Regi\u00f3n Metropolitana\"\n\t\t\t><\/iframe>\n\t\t<\/div>\n\t\t\t\t\t\t<\/div>\n\t\t\t\t<\/div>\n\t\t\t\t\t<\/div>\n\t\t<\/div>\n\t\t\t\t<div class=\"elementor-column elementor-col-66 elementor-top-column elementor-element elementor-element-1f93d23\" data-id=\"1f93d23\" data-element_type=\"column\" data-e-type=\"column\">\n\t\t\t<div class=\"elementor-widget-wrap elementor-element-populated\">\n\t\t\t\t\t\t<div class=\"elementor-element elementor-element-7942aca elementor-widget elementor-widget-wpforms\" data-id=\"7942aca\" data-element_type=\"widget\" data-e-type=\"widget\" data-widget_type=\"wpforms.default\">\n\t\t\t\t<div class=\"elementor-widget-container\">\n\t\t\t\t\t<div class=\"wpforms-container wpforms-container-full\" id=\"wpforms-1635\"><form id=\"wpforms-form-1635\" class=\"wpforms-validate wpforms-form wpforms-ajax-form\" data-formid=\"1635\" method=\"post\" enctype=\"multipart\/form-data\" action=\"\/index.php\/wp-json\/wp\/v2\/pages\/1867\" data-token=\"cbf146eb01a4cd5d1f0ea9c4565dac5e\" data-token-time=\"1778423943\"><noscript class=\"wpforms-error-noscript\">Por favor, activa JavaScript en tu navegador para completar este formulario.<\/noscript><div class=\"wpforms-field-container\"><div id=\"wpforms-1635-field_4-container\" class=\"wpforms-field wpforms-field-name\" data-field-id=\"4\"><label class=\"wpforms-field-label\">Nombre <span class=\"wpforms-required-label\">*<\/span><\/label><div class=\"wpforms-field-row wpforms-field-medium\"><div class=\"wpforms-field-row-block wpforms-first wpforms-one-half\"><input type=\"text\" id=\"wpforms-1635-field_4\" class=\"wpforms-field-name-first wpforms-field-required\" name=\"wpforms[fields][4][first]\" required><label for=\"wpforms-1635-field_4\" class=\"wpforms-field-sublabel after\">Nombre<\/label><\/div><div class=\"wpforms-field-row-block wpforms-one-half\"><input type=\"text\" id=\"wpforms-1635-field_4-last\" class=\"wpforms-field-name-last wpforms-field-required\" name=\"wpforms[fields][4][last]\" required><label for=\"wpforms-1635-field_4-last\" class=\"wpforms-field-sublabel after\">Apellidos<\/label><\/div><\/div><\/div><div id=\"wpforms-1635-field_6-container\" class=\"wpforms-field wpforms-field-text\" data-field-id=\"6\"><label class=\"wpforms-field-label\" for=\"wpforms-1635-field_6\">Empresa <span class=\"wpforms-required-label\">*<\/span><\/label><input type=\"text\" id=\"wpforms-1635-field_6\" class=\"wpforms-field-medium wpforms-field-required\" name=\"wpforms[fields][6]\" required><\/div><div id=\"wpforms-1635-field_5-container\" class=\"wpforms-field wpforms-field-number\" data-field-id=\"5\"><label class=\"wpforms-field-label\" for=\"wpforms-1635-field_5\">Celular<\/label><input type=\"number\" id=\"wpforms-1635-field_5\" class=\"wpforms-field-medium\" name=\"wpforms[fields][5]\" step=\"any\" ><\/div>\t\t<div id=\"wpforms-1635-field_1-container\"\n\t\t\tclass=\"wpforms-field wpforms-field-text\"\n\t\t\tdata-field-type=\"text\"\n\t\t\tdata-field-id=\"1\"\n\t\t\t>\n\t\t\t<label class=\"wpforms-field-label\" for=\"wpforms-1635-field_1\" >de Empresa electr\u00f3nico<\/label>\n\t\t\t<input type=\"text\" id=\"wpforms-1635-field_1\" class=\"wpforms-field-medium\" name=\"wpforms[fields][1]\" >\n\t\t<\/div>\n\t\t<div id=\"wpforms-1635-field_2-container\" class=\"wpforms-field wpforms-field-email\" data-field-id=\"2\"><label class=\"wpforms-field-label\">Correo electr\u00f3nico Corporativo <span class=\"wpforms-required-label\">*<\/span><\/label><div class=\"wpforms-field-row wpforms-field-medium\"><div class=\"wpforms-field-row-block wpforms-one-half wpforms-first\"><input type=\"email\" id=\"wpforms-1635-field_2\" class=\"wpforms-field-required wpforms-field-email-primary\" name=\"wpforms[fields][2][primary]\" spellcheck=\"false\" required><label for=\"wpforms-1635-field_2\" class=\"wpforms-field-sublabel after\">Correo electr\u00f3nico<\/label><\/div><div class=\"wpforms-field-row-block wpforms-one-half\"><input type=\"email\" id=\"wpforms-1635-field_2-secondary\" class=\"wpforms-field-email-secondary wpforms-field-required\" data-rule-confirm=\"#wpforms-1635-field_2\" name=\"wpforms[fields][2][secondary]\" spellcheck=\"false\" required><label for=\"wpforms-1635-field_2-secondary\" class=\"wpforms-field-sublabel after\">Confirmar el correo electr\u00f3nico<\/label><\/div><\/div><\/div><div id=\"wpforms-1635-field_3-container\" class=\"wpforms-field wpforms-field-textarea\" data-field-id=\"3\"><label class=\"wpforms-field-label\" for=\"wpforms-1635-field_3\">Cu\u00e9ntanos sobre tu proyecto, sistema actual, metas de producci\u00f3n, desaf\u00edos...<\/label><textarea id=\"wpforms-1635-field_3\" class=\"wpforms-field-medium\" name=\"wpforms[fields][3]\" ><\/textarea><\/div><script>\n\t\t\t\t( function() {\n\t\t\t\t\tconst style = document.createElement( 'style' );\n\t\t\t\t\tstyle.appendChild( document.createTextNode( '#wpforms-1635-field_1-container { position: absolute !important; overflow: hidden !important; display: inline !important; height: 1px !important; width: 1px !important; z-index: -1000 !important; padding: 0 !important; } #wpforms-1635-field_1-container input { visibility: hidden; } #wpforms-conversational-form-page #wpforms-1635-field_1-container label { counter-increment: none; }' ) );\n\t\t\t\t\tdocument.head.appendChild( style );\n\t\t\t\t\tdocument.currentScript?.remove();\n\t\t\t\t} )();\n\t\t\t<\/script><\/div><!-- .wpforms-field-container --><div class=\"wpforms-submit-container\" ><input type=\"hidden\" name=\"wpforms[id]\" value=\"1635\"><input type=\"hidden\" name=\"page_title\" value=\"\"><input type=\"hidden\" name=\"page_url\" value=\"https:\/\/upshot.cl\/index.php\/wp-json\/wp\/v2\/pages\/1867\"><input type=\"hidden\" name=\"url_referer\" value=\"\"><button type=\"submit\" name=\"wpforms[submit]\" id=\"wpforms-submit-1635\" class=\"wpforms-submit\" data-alt-text=\"Enviando...\" data-submit-text=\"Enviar\" aria-live=\"assertive\" value=\"wpforms-submit\">Enviar<\/button><img decoding=\"async\" src=\"https:\/\/upshot.cl\/wp-content\/plugins\/wpforms-lite\/assets\/images\/submit-spin.svg\" class=\"wpforms-submit-spinner\" style=\"display: none;\" width=\"26\" height=\"26\" alt=\"Cargando\"><\/div><\/form><\/div>  <!-- .wpforms-container -->\t\t\t\t<\/div>\n\t\t\t\t<\/div>\n\t\t\t\t\t<\/div>\n\t\t<\/div>\n\t\t\t\t\t<\/div>\n\t\t<\/section>\n\t\t\t\t<\/div>\n\t\t","protected":false},"excerpt":{"rendered":"<p>UPSHOT Soluciones inteligentes a tus necesidades. Por favor, activa JavaScript en tu navegador para completar este formulario.Nombre *NombreApellidosEmpresa *CelularCorreo electr\u00f3nico Corporativo *Correo electr\u00f3nicoConfirmar el correo electr\u00f3nicoCu\u00e9ntanos sobre tu proyecto, sistema actual, metas de producci\u00f3n, desaf\u00edos&#8230; Enviar<\/p>\n","protected":false},"author":1,"featured_media":0,"parent":0,"menu_order":0,"comment_status":"closed","ping_status":"closed","template":"page-templates\/template-pagebuilder-full-width.php","meta":{"neve_meta_sidebar":"","neve_meta_container":"","neve_meta_enable_content_width":"","neve_meta_content_width":0,"neve_meta_title_alignment":"","neve_meta_author_avatar":"","neve_post_elements_order":"","neve_meta_disable_header":"","neve_meta_disable_footer":"","neve_meta_disable_title":"","_themeisle_gutenberg_block_has_review":false,"footnotes":""},"class_list":["post-1867","page","type-page","status-publish","hentry"],"yoast_head":"<!-- This site is optimized with the Yoast SEO plugin v27.5 - https:\/\/yoast.com\/product\/yoast-seo-wordpress\/ -->\n<title>Contacto - Upshot<\/title>\n<meta name=\"robots\" content=\"index, follow, max-snippet:-1, max-image-preview:large, max-video-preview:-1\" \/>\n<link rel=\"canonical\" href=\"https:\/\/upshot.cl\/index.php\/contacto\/\" \/>\n<meta property=\"og:locale\" content=\"es_ES\" \/>\n<meta property=\"og:type\" content=\"article\" \/>\n<meta property=\"og:title\" content=\"Contacto - Upshot\" \/>\n<meta property=\"og:description\" content=\"UPSHOT Soluciones inteligentes a tus necesidades. Por favor, activa JavaScript en tu navegador para completar este formulario.Nombre *NombreApellidosEmpresa *CelularCorreo electr\u00f3nico Corporativo *Correo electr\u00f3nicoConfirmar el correo electr\u00f3nicoCu\u00e9ntanos sobre tu proyecto, sistema actual, metas de producci\u00f3n, desaf\u00edos&#8230; Enviar\" \/>\n<meta property=\"og:url\" content=\"https:\/\/upshot.cl\/index.php\/contacto\/\" \/>\n<meta property=\"og:site_name\" content=\"Upshot\" \/>\n<meta property=\"article:modified_time\" content=\"2026-05-04T23:19:59+00:00\" \/>\n<meta property=\"og:image\" content=\"https:\/\/upshot.cl\/wp-content\/plugins\/wpforms-lite\/assets\/images\/submit-spin.svg\" \/>\n<meta name=\"twitter:card\" content=\"summary_large_image\" \/>\n<script type=\"application\/ld+json\" class=\"yoast-schema-graph\">{\"@context\":\"https:\\\/\\\/schema.org\",\"@graph\":[{\"@type\":\"WebPage\",\"@id\":\"https:\\\/\\\/upshot.cl\\\/index.php\\\/contacto\\\/\",\"url\":\"https:\\\/\\\/upshot.cl\\\/index.php\\\/contacto\\\/\",\"name\":\"Contacto - Upshot\",\"isPartOf\":{\"@id\":\"https:\\\/\\\/upshot.cl\\\/#website\"},\"primaryImageOfPage\":{\"@id\":\"https:\\\/\\\/upshot.cl\\\/index.php\\\/contacto\\\/#primaryimage\"},\"image\":{\"@id\":\"https:\\\/\\\/upshot.cl\\\/index.php\\\/contacto\\\/#primaryimage\"},\"thumbnailUrl\":\"https:\\\/\\\/upshot.cl\\\/wp-content\\\/plugins\\\/wpforms-lite\\\/assets\\\/images\\\/submit-spin.svg\",\"datePublished\":\"2026-05-04T22:57:51+00:00\",\"dateModified\":\"2026-05-04T23:19:59+00:00\",\"breadcrumb\":{\"@id\":\"https:\\\/\\\/upshot.cl\\\/index.php\\\/contacto\\\/#breadcrumb\"},\"inLanguage\":\"es-CL\",\"potentialAction\":[{\"@type\":\"ReadAction\",\"target\":[\"https:\\\/\\\/upshot.cl\\\/index.php\\\/contacto\\\/\"]}]},{\"@type\":\"ImageObject\",\"inLanguage\":\"es-CL\",\"@id\":\"https:\\\/\\\/upshot.cl\\\/index.php\\\/contacto\\\/#primaryimage\",\"url\":\"https:\\\/\\\/upshot.cl\\\/wp-content\\\/plugins\\\/wpforms-lite\\\/assets\\\/images\\\/submit-spin.svg\",\"contentUrl\":\"https:\\\/\\\/upshot.cl\\\/wp-content\\\/plugins\\\/wpforms-lite\\\/assets\\\/images\\\/submit-spin.svg\"},{\"@type\":\"BreadcrumbList\",\"@id\":\"https:\\\/\\\/upshot.cl\\\/index.php\\\/contacto\\\/#breadcrumb\",\"itemListElement\":[{\"@type\":\"ListItem\",\"position\":1,\"name\":\"Portada\",\"item\":\"https:\\\/\\\/upshot.cl\\\/\"},{\"@type\":\"ListItem\",\"position\":2,\"name\":\"Contacto\"}]},{\"@type\":\"WebSite\",\"@id\":\"https:\\\/\\\/upshot.cl\\\/#website\",\"url\":\"https:\\\/\\\/upshot.cl\\\/\",\"name\":\"Upshot.cl\",\"description\":\"\",\"publisher\":{\"@id\":\"https:\\\/\\\/upshot.cl\\\/#organization\"},\"potentialAction\":[{\"@type\":\"SearchAction\",\"target\":{\"@type\":\"EntryPoint\",\"urlTemplate\":\"https:\\\/\\\/upshot.cl\\\/?s={search_term_string}\"},\"query-input\":{\"@type\":\"PropertyValueSpecification\",\"valueRequired\":true,\"valueName\":\"search_term_string\"}}],\"inLanguage\":\"es-CL\"},{\"@type\":\"Organization\",\"@id\":\"https:\\\/\\\/upshot.cl\\\/#organization\",\"name\":\"Upshot\",\"url\":\"https:\\\/\\\/upshot.cl\\\/\",\"logo\":{\"@type\":\"ImageObject\",\"inLanguage\":\"es-CL\",\"@id\":\"https:\\\/\\\/upshot.cl\\\/#\\\/schema\\\/logo\\\/image\\\/\",\"url\":\"https:\\\/\\\/upshot.cl\\\/wp-content\\\/uploads\\\/2026\\\/05\\\/cropped-Blanco-Espanol-e1777857061794.png\",\"contentUrl\":\"https:\\\/\\\/upshot.cl\\\/wp-content\\\/uploads\\\/2026\\\/05\\\/cropped-Blanco-Espanol-e1777857061794.png\",\"width\":512,\"height\":512,\"caption\":\"Upshot\"},\"image\":{\"@id\":\"https:\\\/\\\/upshot.cl\\\/#\\\/schema\\\/logo\\\/image\\\/\"},\"sameAs\":[\"https:\\\/\\\/www.instagram.com\\\/upshotchile\\\/\"]}]}<\/script>\n<!-- \/ Yoast SEO plugin. -->","yoast_head_json":{"title":"Contacto - Upshot","robots":{"index":"index","follow":"follow","max-snippet":"max-snippet:-1","max-image-preview":"max-image-preview:large","max-video-preview":"max-video-preview:-1"},"canonical":"https:\/\/upshot.cl\/index.php\/contacto\/","og_locale":"es_ES","og_type":"article","og_title":"Contacto - Upshot","og_description":"UPSHOT Soluciones inteligentes a tus necesidades. Por favor, activa JavaScript en tu navegador para completar este formulario.Nombre *NombreApellidosEmpresa *CelularCorreo electr\u00f3nico Corporativo *Correo electr\u00f3nicoConfirmar el correo electr\u00f3nicoCu\u00e9ntanos sobre tu proyecto, sistema actual, metas de producci\u00f3n, desaf\u00edos&#8230; Enviar","og_url":"https:\/\/upshot.cl\/index.php\/contacto\/","og_site_name":"Upshot","article_modified_time":"2026-05-04T23:19:59+00:00","og_image":[{"url":"https:\/\/upshot.cl\/wp-content\/plugins\/wpforms-lite\/assets\/images\/submit-spin.svg","type":"","width":"","height":""}],"twitter_card":"summary_large_image","schema":{"@context":"https:\/\/schema.org","@graph":[{"@type":"WebPage","@id":"https:\/\/upshot.cl\/index.php\/contacto\/","url":"https:\/\/upshot.cl\/index.php\/contacto\/","name":"Contacto - Upshot","isPartOf":{"@id":"https:\/\/upshot.cl\/#website"},"primaryImageOfPage":{"@id":"https:\/\/upshot.cl\/index.php\/contacto\/#primaryimage"},"image":{"@id":"https:\/\/upshot.cl\/index.php\/contacto\/#primaryimage"},"thumbnailUrl":"https:\/\/upshot.cl\/wp-content\/plugins\/wpforms-lite\/assets\/images\/submit-spin.svg","datePublished":"2026-05-04T22:57:51+00:00","dateModified":"2026-05-04T23:19:59+00:00","breadcrumb":{"@id":"https:\/\/upshot.cl\/index.php\/contacto\/#breadcrumb"},"inLanguage":"es-CL","potentialAction":[{"@type":"ReadAction","target":["https:\/\/upshot.cl\/index.php\/contacto\/"]}]},{"@type":"ImageObject","inLanguage":"es-CL","@id":"https:\/\/upshot.cl\/index.php\/contacto\/#primaryimage","url":"https:\/\/upshot.cl\/wp-content\/plugins\/wpforms-lite\/assets\/images\/submit-spin.svg","contentUrl":"https:\/\/upshot.cl\/wp-content\/plugins\/wpforms-lite\/assets\/images\/submit-spin.svg"},{"@type":"BreadcrumbList","@id":"https:\/\/upshot.cl\/index.php\/contacto\/#breadcrumb","itemListElement":[{"@type":"ListItem","position":1,"name":"Portada","item":"https:\/\/upshot.cl\/"},{"@type":"ListItem","position":2,"name":"Contacto"}]},{"@type":"WebSite","@id":"https:\/\/upshot.cl\/#website","url":"https:\/\/upshot.cl\/","name":"Upshot.cl","description":"","publisher":{"@id":"https:\/\/upshot.cl\/#organization"},"potentialAction":[{"@type":"SearchAction","target":{"@type":"EntryPoint","urlTemplate":"https:\/\/upshot.cl\/?s={search_term_string}"},"query-input":{"@type":"PropertyValueSpecification","valueRequired":true,"valueName":"search_term_string"}}],"inLanguage":"es-CL"},{"@type":"Organization","@id":"https:\/\/upshot.cl\/#organization","name":"Upshot","url":"https:\/\/upshot.cl\/","logo":{"@type":"ImageObject","inLanguage":"es-CL","@id":"https:\/\/upshot.cl\/#\/schema\/logo\/image\/","url":"https:\/\/upshot.cl\/wp-content\/uploads\/2026\/05\/cropped-Blanco-Espanol-e1777857061794.png","contentUrl":"https:\/\/upshot.cl\/wp-content\/uploads\/2026\/05\/cropped-Blanco-Espanol-e1777857061794.png","width":512,"height":512,"caption":"Upshot"},"image":{"@id":"https:\/\/upshot.cl\/#\/schema\/logo\/image\/"},"sameAs":["https:\/\/www.instagram.com\/upshotchile\/"]}]}},"_links":{"self":[{"href":"https:\/\/upshot.cl\/index.php\/wp-json\/wp\/v2\/pages\/1867","targetHints":{"allow":["GET"]}}],"collection":[{"href":"https:\/\/upshot.cl\/index.php\/wp-json\/wp\/v2\/pages"}],"about":[{"href":"https:\/\/upshot.cl\/index.php\/wp-json\/wp\/v2\/types\/page"}],"author":[{"embeddable":true,"href":"https:\/\/upshot.cl\/index.php\/wp-json\/wp\/v2\/users\/1"}],"replies":[{"embeddable":true,"href":"https:\/\/upshot.cl\/index.php\/wp-json\/wp\/v2\/comments?post=1867"}],"version-history":[{"count":13,"href":"https:\/\/upshot.cl\/index.php\/wp-json\/wp\/v2\/pages\/1867\/revisions"}],"predecessor-version":[{"id":1886,"href":"https:\/\/upshot.cl\/index.php\/wp-json\/wp\/v2\/pages\/1867\/revisions\/1886"}],"wp:attachment":[{"href":"https:\/\/upshot.cl\/index.php\/wp-json\/wp\/v2\/media?parent=1867"}],"curies":[{"name":"wp","href":"https:\/\/api.w.org\/{rel}","templated":true}]}}